{"id":4,"date":"2008-02-20T18:37:45","date_gmt":"2008-02-20T17:37:45","guid":{"rendered":"http:\/\/www.zwei-meinungen.de\/?page_id=4"},"modified":"2009-10-13T10:04:24","modified_gmt":"2009-10-13T09:04:24","slug":"die-autoren","status":"publish","type":"page","link":"https:\/\/www.zwei-meinungen.de\/?page_id=4","title":{"rendered":"Die Autoren"},"content":{"rendered":"<p><strong>Hallo liebe Leser,<\/strong><\/p>\n<p>die weitreichende Verbreitung von Internetzug\u00e4ngen in den letzten Jahren sorgte f\u00fcr eine Vernetzung innerhalb der Bev\u00f6lkerung, die es &#8211; abgesehen vom Telefon &#8211; in dieser Art noch nicht gegeben hat. Das Internet erscheint heute als ein omnipotentes Medium, das es jedem Einzelnen erlaubt mit der Welt zu kommunizieren.<br \/>\nAuf dieser Basis wollen auch wir unsere gem\u00e4\u00df Artikel 5 des Grundgesetzes zugesicherten Rechte der freien Meinungs\u00e4u\u00dferung wahrnehmen und jene Dinge kommentieren, zu denen es uns dr\u00e4ngt eine Meinung abzugeben.<\/p>\n<p><strong>Die Urheber:<\/strong><\/p>\n<p><strong>Bj\u00f6rn<\/strong><\/p>\n<p>Als w\u00e4re es gestern gewesen, klingt es noch in meinen Ohren &#8211; &#8222;Misch dich nicht ein &#8211; sei jetzt bitte still &#8211; wenn die Erwachsenen sich unterhalten sollst du artig sein&#8220;. Welches Kind hat sowas nie geh\u00f6rt? Wenn nicht von seinen Eltern, dann doch sicher von Tante bzw. Onkel oder aber viel schlimmer noch von fast fremden! Ich war mir aber immer schon sicher, dass ich etwas mitzuteilen habe, was die anderen gef\u00e4lligst h\u00f6ren sollten &#8211; ob dies wirklich so ist stelle ich hier einfach mal nicht zur Disposition. Heute hat sich dieses kindliche &#8222;ich will auch mal was sagen&#8220; zu etwas, meiner Meinung nach, Positivem gewandelt.<br \/>\nIch schaue nicht weg. Ich mache auch gelegentlich den Mund auf, wenn andere ihn lieber zu lassen. Ich gehe dazwischen, wenn sich jemand nicht allein wehren kann.  Und am liebsten mache ich dies auf eine lockere Art und Weise, denn pure Authorit\u00e4t ist ja so gar nicht mein Ding! Ich bin bem\u00fcht Themen auch von un\u00fcblichen Sichtweisen zu betrachten und welches Medium ist besser daf\u00fcr geeignet als dieses? Schlie\u00dfen m\u00f6chte ich diesen kurzen Text \u00fcber mich selbst mit den verzweifelten und unerf\u00fcllten  Worten eines Arbeitskollegen, die er mir mit einem freundlichen L\u00e4cheln entgegenbrachte:<\/p>\n<blockquote><p>Dein Grinsen krieg&#8216; ich auch noch weg.<\/p><\/blockquote>\n<p><strong>Christian<\/strong><\/p>\n<p>Ich erinnere mich, dass mich Sprache schon relativ fr\u00fch fasziniert hat. Von Doppeldeutigkeiten bis zur Manipulation &#8211; Sprache l\u00e4sst sich als Waffe f\u00fcr oder gegen etwas einsetzen. W\u00e4hrend einem dies als Kind die Bezeichnung &#8222;frech&#8220; einbrachte, bemerke ich heute ein zunehmendes Abdriften in den Zynismus. Ich glaube, die Menschen haben recht: Fr\u00fcher war alles besser.<br \/>\nDie M\u00f6glichkeit, sich \u00fcber Themen und Ergeignisse aufzuregen und auszulassen, scheint daher in ausreichender Menge gegeben. Vom Kabarett begeistert und der Macht geschickt eingesetzter Worte \u00fcberzeugt werde ich daher versuchen, dies in lesenswerter und unterhaltsamer Weise zu tun. Mein Wirken auf dieser Seite m\u00f6chte ich unter die Aussage von Heiner M\u00fcller (1929 &#8211; 1995) stellen:<\/p>\n<blockquote><p>Optimismus ist nur ein Mangel an Information.<\/p><\/blockquote>\n<p><strong>Die Mitblogger:<\/strong><\/p>\n<p><strong>Peter<\/strong><\/p>\n<p>Bj\u00f6rn hat mich gebeten euch kurz zu umrei\u00dfen, warum meine Meinung interessant sein k\u00f6nnte. Diese Frage ist gar nicht so einfach zu beantworten, aber ich werde es mal versuchen, eventuell kl\u00e4glich, vielleicht wecke ich aber auch euer Interesse.<br \/>\nMeine Freunde attestieren mir eine &#8222;gro\u00dfe Klappe&#8220; und ich nehme auch selten ein Blatt vor den Mund, ich kann mich zwar beherrschen aber ab und zu lasse ich auch mal einen bitterb\u00f6sen Kommentar los. Meine Freundin wei\u00df wovon ich rede. In meiner Vorstellung habe ich eine recht konkrete Vorstellung wie die Welt bzw. die Gesellschaft sein sollte und diese weicht extrem von der Realit\u00e4t ab. Vielleicht kann ich ja mit meinen Meinungen etwas daf\u00fcr tun, damit die Vorstellung und die Realit\u00e4t n\u00e4her zusammenr\u00fccken. Na gut vermutlich nicht, aber zumindest rede ich es mir ein!<br \/>\nAnbei noch ein Zitat aus &#8222;Stephen King &#8211; Duddits&#8220; das mir recht zusagt:<\/p>\n<blockquote><p>SSDD &#8211; Same Shit Different Day<\/p><\/blockquote>\n","protected":false},"excerpt":{"rendered":"<p>Hallo liebe Leser, die weitreichende Verbreitung von Internetzug\u00e4ngen in den letzten Jahren sorgte f\u00fcr eine Vernetzung innerhalb der Bev\u00f6lkerung, die es &#8211; abgesehen vom Telefon &#8211; in dieser Art noch nicht gegeben hat. Das Internet erscheint heute als ein omnipotentes Medium, das es jedem Einzelnen erlaubt mit der Welt zu kommunizieren. Auf dieser Basis wollen [&hellip;]<\/p>\n","protected":false},"author":2,"featured_media":0,"parent":0,"menu_order":0,"comment_status":"closed","ping_status":"closed","template":"","meta":{"footnotes":""},"_links":{"self":[{"href":"https:\/\/www.zwei-meinungen.de\/index.php?rest_route=\/wp\/v2\/pages\/4"}],"collection":[{"href":"https:\/\/www.zwei-meinungen.de\/index.php?rest_route=\/wp\/v2\/pages"}],"about":[{"href":"https:\/\/www.zwei-meinungen.de\/index.php?rest_route=\/wp\/v2\/types\/page"}],"author":[{"embeddable":true,"href":"https:\/\/www.zwei-meinungen.de\/index.php?rest_route=\/wp\/v2\/users\/2"}],"replies":[{"embeddable":true,"href":"https:\/\/www.zwei-meinungen.de\/index.php?rest_route=%2Fwp%2Fv2%2Fcomments&post=4"}],"version-history":[{"count":7,"href":"https:\/\/www.zwei-meinungen.de\/index.php?rest_route=\/wp\/v2\/pages\/4\/revisions"}],"predecessor-version":[{"id":139,"href":"https:\/\/www.zwei-meinungen.de\/index.php?rest_route=\/wp\/v2\/pages\/4\/revisions\/139"}],"wp:attachment":[{"href":"https:\/\/www.zwei-meinungen.de\/index.php?rest_route=%2Fwp%2Fv2%2Fmedia&parent=4"}],"curies":[{"name":"wp","href":"https:\/\/api.w.org\/{rel}","templated":true}]}}